{"id":390,"date":"2017-12-19T17:35:58","date_gmt":"2017-12-19T17:35:58","guid":{"rendered":"http:\/\/kreisexpress.com\/?page_id=390"},"modified":"2024-04-26T07:11:33","modified_gmt":"2024-04-26T07:11:33","slug":"careers","status":"publish","type":"page","link":"https:\/\/kreisexpress.com\/index.php\/careers\/","title":{"rendered":"CAREERS"},"content":{"rendered":"<p>[vc_row css_animation=&#8221;&#8221; row_type=&#8221;row&#8221; use_row_as_full_screen_section=&#8221;no&#8221; type=&#8221;grid&#8221; angled_section=&#8221;no&#8221; text_align=&#8221;left&#8221; background_image_as_pattern=&#8221;without_pattern&#8221; css=&#8221;.vc_custom_1491987987672{padding-top: 97px !important;}&#8221;][vc_column][qode_content_slider auto_rotate=&#8221;5&#8243; enable_drag=&#8221;yes&#8221; direction_nav=&#8221;no&#8221; control_nav=&#8221;yes&#8221; pause_on_hover=&#8221;no&#8221;][qode_content_slider_item][vc_row_inner row_type=&#8221;row&#8221; type=&#8221;full_width&#8221; text_align=&#8221;left&#8221; css_animation=&#8221;&#8221;][vc_column_inner offset=&#8221;vc_col-lg-4 vc_col-md-4&#8243;][vc_column_text]<\/p>\n<h6>Be Part Of The Team<\/h6>\n<p>[\/vc_column_text][vc_empty_space height=&#8221;7px&#8221;][vc_column_text]<\/p>\n<h1 class=\"banner-title\">Job Opportunities<\/h1>\n<p>[\/vc_column_text][vc_empty_space height=&#8221;21px&#8221;][vc_column_text]<\/p>\n<p style=\"text-align: justify;\" align=\"\u201djustify&quot;\">KREISS Express thinks that our people come first, basis of our human resources policy. We give our employees attractive conditions, intensive training, job rotation. Contact us and be part of the team.<\/p>\n<p>[\/vc_column_text][vc_empty_space height=&#8221;30px&#8221;]\n\n\t<a href=\"https:\/\/kreisexpress.com\/index.php\/contact2\/\" target=\"_self\"  class=\"qode-btn qode-btn-medium qode-btn-solid qode-btn-icon qode-btn-icon-rotate\"  >\n\t    <span class=\"qode-btn-text\">Contact Us<\/span><span class=\"qode-button-v2-icon-holder\"  ><span aria-hidden=\"true\" class=\"qode_icon_font_elegant arrow_carrot-right_alt2 qode-button-v2-icon-holder-inner\" ><\/span><\/span>\t<\/a>\n\n[vc_empty_space height=&#8221;40px&#8221;][\/vc_column_inner][vc_column_inner offset=&#8221;vc_col-lg-8 vc_col-md-8&#8243;][vc_empty_space height=&#8221;7px&#8221;][vc_single_image image=&#8221;339&#8243; img_size=&#8221;full&#8221; qode_css_animation=&#8221;&#8221;][vc_empty_space height=&#8221;40px&#8221;][\/vc_column_inner][\/vc_row_inner][\/qode_content_slider_item][\/qode_content_slider][vc_column_text]<\/p>\n<h3 style=\"text-align: center;\"><strong>WE WANT YOU ON OUR TEAM<\/strong><\/h3>\n<p>[\/vc_column_text][vc_column_text]<\/p>\n<h3 style=\"text-align: center;\"><strong>_______________________<\/strong><\/h3>\n<p>[\/vc_column_text][vc_column_text]<\/p>\n<h3 style=\"text-align: center;\"><strong>KREISS<\/strong> is looking for one more colleague to take over the newly created <strong><em>customer service representatives\u2019 position<\/em><\/strong> &#8211; for the Constanta Office.<\/h3>\n<p>__________<\/p>\n<p><strong>Job description<\/strong><\/p>\n<p><strong>Our new colleagues will be in responsible for:<\/strong><\/p>\n<ul>\n<li>Handling related customer service tasks.<\/li>\n<li>Send pre-alert and inform schedule to customer as well as Co-ordinate with all departments.<\/li>\n<li>Take full responsibilities and end-to-end ownership of customer shipments and issues.<\/li>\n<li>Ensure 100% of tasks are attended and closed.<\/li>\n<li>Ensure follow-up on loaded\/discharged containers.<\/li>\n<li>Address root causes and seek continuous improvements &#8211; constantly look for ways to improve work processes.<\/li>\n<li>Engage in constructive problem resolution and provide solutions.<\/li>\n<li>Attend daily email.<\/li>\n<li>Answer all phones and response to customer requirements.<\/li>\n<\/ul>\n<p><strong>Ideal candidate<\/strong><\/p>\n<ul>\n<li>University degree preferably in Transport or Logistics.<\/li>\n<li>Preferably with previous experience &amp; knowledge on Customer Service in Shipping\/Logistics\/Road Transportation.<\/li>\n<li>Knowledge of all Microsoft Office applications.<\/li>\n<li>Good written skills towards all stakeholders.<\/li>\n<li>Positive attitude and thinking, with a sense of humour, energetic, enthusiasm.<\/li>\n<li>Analytical by nature and speaks with data when proposing a solution.<\/li>\n<li>Build strong and lasting relationships with customers and provide second-to-none customer service.<\/li>\n<li>Act and communicate proactively and keep customers informed of any issues or changes in the booking.<\/li>\n<li>Capacity of taking quick decisions, great team player.<\/li>\n<li>Customs regulations and customs regimes knowledge.<\/li>\n<li>Creative and problem-solving-oriented person.<\/li>\n<li>Supports the performance of the team.<\/li>\n<li>Customer orientation and the ability to adapt \/ respond to customers by promoting our services tailored to the customers&#8217; need.<\/li>\n<\/ul>\n<p><strong>Benefits<\/strong><\/p>\n<ul>\n<li>Attractive salary package.<\/li>\n<li>Performance bonus.<\/li>\n<li>Private medical insurance.<\/li>\n<li>Meal tickets.<\/li>\n<li>Transport allowance.<\/li>\n<li>Professional development through intensive and continuous training programs.<\/li>\n<li>Attractive career perspective in a Romanian successful company.<\/li>\n<\/ul>\n<p><strong>What we offer<\/strong><\/p>\n<ul>\n<li>We offer a unique opportunity for a passionate employee who gets challenged by the flexibility of a fast-growing Romanian company.<\/li>\n<\/ul>\n<p><strong>Industry<\/strong><\/p>\n<ul>\n<li>Logistics &amp; Supply Chain<\/li>\n<\/ul>\n<p><strong>Employment Type<\/strong><\/p>\n<ul>\n<li>Full-time<\/li>\n<\/ul>\n<h3><\/h3>\n<p>&nbsp;<\/p>\n<h3 style=\"text-align: center;\">KREISS angajeaz\u0103 <strong><em>Junior Inside Sales Executive<\/em><\/strong> pentru biroul din Constanta.<\/h3>\n<p>______________<\/p>\n<p>Junior Sales Executive \u00eenseamn\u0103 c\u0103 e\u0219ti la \u00eenceput de carier\u0103 \u0219i ai \u00eenclina\u021bie c\u0103tre v\u00e2nz\u0103ri. Te vei al\u0103tura unei echipe tinere \u0219i dinamice. Acest post va asigura o preg\u0103tire profesionala completa, siguran\u021ba unui loc de munc\u0103, posibilitate de \u00eenv\u0103\u021bare \u0219i promovare.<\/p>\n<p><b>Vrem<\/b><b> de la tine :<\/b><\/p>\n<ul>\n<li>studii superioare finalizate;<\/li>\n<li>spirit de analiz\u0103 \u0219i sintez\u0103, atitudine pozitiv\u0103 \u0219i orientare spre solu\u021bionarea problemelor;<\/li>\n<li>spirit organizatoric, disciplin\u0103, perseveren\u021b\u0103 &#8211; ini\u021biativ\u0103, creativitate \u0219i receptivitate la nou;<\/li>\n<li>foarte bune abilit\u0103\u021bi de comunicare, disponibilitate la dialog cu clien\u021bii \u0219i furnizorii;<\/li>\n<li>diploma\u021bie \u00een rela\u021biile cu colaboratorii interni \u0219i externi;<\/li>\n<li>obiectivitate, etic\u0103 \u0219i integritate;<\/li>\n<li>cuno\u0219tin\u021be foarte bune de operare PC (Ms. Office: Outlook, Word, Excel, Power Point);<\/li>\n<li>foarte bun\u0103 comunicare verbal\u0103 \u0219i \u00een scris \u00een limba englez\u0103;<\/li>\n<li>aten\u021bie c\u0103tre detalii &#8211; responsabilitate, ordine, corectitudine, confiden\u021bialitate \u0219i seriozitate;<\/li>\n<li>capacitate de integrare \u0219i bun\u0103 rela\u021bionare cu echipa existenta;<\/li>\n<li>sa ne dovede\u0219ti ca tu e\u0219ti ceea ce c\u0103utam;<\/li>\n<li>g\u00e2ndire inovativa &#8211; flexibilitate si capacitate de adaptare la orice situa\u021bie;<\/li>\n<\/ul>\n<p><strong>Constituie un avantaj:<\/strong><\/p>\n<ul>\n<li>studiile economice;<\/li>\n<li>Experien\u021ba in domeniul comercial de minimum 1 ani;<\/li>\n<li>Experien\u021ba in v\u00e2nz\u0103ri, servicii expedi\u021bii rutiere de m\u0103rfuri;<\/li>\n<li>Buna cunoa\u0219tere a pie\u021bei transporturilor si a preturilor;<\/li>\n<\/ul>\n<p><b>Oferim<\/b><b>:<\/b><\/p>\n<ul>\n<li>pachet salarial corelat cu performan\u021ba profesional\u0103;<\/li>\n<li>posibilit\u0103\u021bi de dezvoltare profesional\u0103;<\/li>\n<li>cursuri de formare profesional\u0103;<\/li>\n<li>sprijin permanent din partea societ\u0103\u021bii \u0219i a membrilor acesteia.<\/li>\n<\/ul>\n<p><strong><i>Daca esti interesat sa lucrezi cu noi, trimite-ne CV-ul tau prin formularul de mai jos.<br \/>\n<\/i><\/strong>[\/vc_column_text][vc_separator css_animation=&#8221;fadeIn&#8221; type=&#8221;normal&#8221;][vc_empty_space height=&#8221;40px&#8221;][vc_column_text]<\/p>\n<h3 style=\"text-align: center;\">KREISS angajeaz\u0103 <strong><em>Operator Contabilitate primara<\/em><\/strong> pentru biroul din Constanta.<\/h3>\n<p>______________<\/p>\n<p><strong>Vrem de la tine:<\/strong><\/p>\n<ul>\n<li>Contabilitate primara, operare documente;<\/li>\n<li>Inregistrare zilnica in sistem a comenzilor, facturilor, deconturilor, extraselor bancare;<\/li>\n<li>Inregistrare si urmarire executie contracte;<\/li>\n<li>Urmarire incasari si solduri\u00a0 ;<\/li>\n<li>Aranjarea si arhivarea in ordine cronologica a documentelor primite;<\/li>\n<li>Asigurarea suportului general administrativ;<\/li>\n<\/ul>\n<p><b>Profilul<\/b> <b>candidatului:<\/b><\/p>\n<ul>\n<li>Studii superioare economice<\/li>\n<li>Cunostinte de baza de contabilitate si financiar;<\/li>\n<li>Cunostinte operare PC: Excel \u2013 mediu\/ avansat;<\/li>\n<li>Limbi straine: engleza \u2013 mediu\/avansat;<\/li>\n<li>Atentie la detalii<\/li>\n<li>Atitudine pozitiva<\/li>\n<li>Atitudine proactiva, pozitiva si sa fie asumat, responsabil;<\/li>\n<\/ul>\n<p><b>Beneficii:<\/b><\/p>\n<ul>\n<li>Pachet salarial atractiv;<\/li>\n<li>Bonus de performanta;<\/li>\n<li>Transport asigurat<\/li>\n<li>Mediu profesional cu oportunitati de promovare si dezvoltare in domeniu.<\/li>\n<\/ul>\n<p><strong><i>Daca esti interesat sa lucrezi cu noi, trimite-ne CV-ul tau prin formularul din de mai jos:<\/i><\/strong>[\/vc_column_text][vc_separator css_animation=&#8221;fadeIn&#8221; type=&#8221;normal&#8221;][vc_empty_space height=&#8221;40px&#8221;][vc_column_text]<\/p>\n<h3 style=\"text-align: center;\">KREISS angajeaz\u0103 <strong><em>Conducatori flota auto proprie<\/em><\/strong> pentru biroul din Constanta.<\/h3>\n<p>______________<\/p>\n<p><strong>Vrem de la tine:<\/strong><\/p>\n<ul>\n<li>\u00a0Permis auto B,C,E + card tahograf + atestat profesional &#8211; marfa valabil;<\/li>\n<li>\u00a0Minim 5 ani experienta in conducerea autovehiculelor articulate(Autotractor + Semiremorca) de mare tonaj;<\/li>\n<li>\u00a0Apt din punct de vedere medical, cazier judiciar si auto fara incidente grave;<\/li>\n<li>\u00a0Cunostinte minime de mecanica auto si intretinere a autocamioanelor;<\/li>\n<li>\u00a0Persoana disciplinata, cu atitudine pro-activa in indeplinirea sarcinilor;<\/li>\n<\/ul>\n<p><strong><i>Daca esti interesat sa lucrezi cu noi, trimite-ne CV-ul tau prin formularul din de mai jos.<\/i><\/strong>[\/vc_column_text][vc_separator type=&#8221;normal&#8221;][vc_empty_space height=&#8221;40px&#8221;][vc_empty_space height=&#8221;40px&#8221;][vc_column_text]<\/p>\n<h1 class=\"main-title\">Send us Your CV<\/h1>\n<p>[\/vc_column_text][vc_empty_space height=&#8221;21px&#8221;]\n<div class=\"wpcf7 no-js\" id=\"wpcf7-f398-o1\" lang=\"en-US\" dir=\"ltr\" data-wpcf7-id=\"398\">\n<div class=\"screen-reader-response\"><p role=\"status\" aria-live=\"polite\" aria-atomic=\"true\"><\/p> <ul><\/ul><\/div>\n<form action=\"\/index.php\/wp-json\/wp\/v2\/pages\/390#wpcf7-f398-o1\" method=\"post\" class=\"wpcf7-form init default\" aria-label=\"Contact form\" enctype=\"multipart\/form-data\" novalidate=\"novalidate\" data-status=\"init\">\n<fieldset class=\"hidden-fields-container\"><input type=\"hidden\" name=\"_wpcf7\" value=\"398\" \/><input type=\"hidden\" name=\"_wpcf7_version\" value=\"6.1.5\" \/><input type=\"hidden\" name=\"_wpcf7_locale\" value=\"en_US\" \/><input type=\"hidden\" name=\"_wpcf7_unit_tag\" value=\"wpcf7-f398-o1\" \/><input type=\"hidden\" name=\"_wpcf7_container_post\" value=\"0\" \/><input type=\"hidden\" name=\"_wpcf7_posted_data_hash\" value=\"\" \/>\n<\/fieldset>\n<p><label> Name (required)<br \/>\n<span class=\"wpcf7-form-control-wrap\" data-name=\"you-name\"><input size=\"40\" maxlength=\"400\" class=\"wpcf7-form-control wpcf7-text wpcf7-validates-as-required\" aria-required=\"true\" aria-invalid=\"false\" value=\"\" type=\"text\" name=\"you-name\" \/><\/span> <\/label>\n<\/p>\n<p><label> Surname<br \/>\n<span class=\"wpcf7-form-control-wrap\" data-name=\"surname\"><input size=\"40\" maxlength=\"400\" class=\"wpcf7-form-control wpcf7-text\" aria-invalid=\"false\" value=\"\" type=\"text\" name=\"surname\" \/><\/span> <\/label>\n<\/p>\n<p><label> Address<br \/>\n<span class=\"wpcf7-form-control-wrap\" data-name=\"address\"><input size=\"40\" maxlength=\"400\" class=\"wpcf7-form-control wpcf7-text\" aria-invalid=\"false\" value=\"\" type=\"text\" name=\"address\" \/><\/span> <\/label>\n<\/p>\n<p><label> E-mail (required)<br \/>\n<span class=\"wpcf7-form-control-wrap\" data-name=\"e-mail\"><input size=\"40\" maxlength=\"400\" class=\"wpcf7-form-control wpcf7-email wpcf7-validates-as-required wpcf7-text wpcf7-validates-as-email\" aria-required=\"true\" aria-invalid=\"false\" value=\"\" type=\"email\" name=\"e-mail\" \/><\/span> <\/label>\n<\/p>\n<p><label> Phone<br \/>\n<span class=\"wpcf7-form-control-wrap\" data-name=\"phone\"><input size=\"40\" maxlength=\"400\" class=\"wpcf7-form-control wpcf7-text\" aria-invalid=\"false\" value=\"\" type=\"text\" name=\"phone\" \/><\/span> <\/label>\n<\/p>\n<p><label> Job Applied for<br \/>\n<span class=\"wpcf7-form-control-wrap\" data-name=\"job\"><input size=\"40\" maxlength=\"400\" class=\"wpcf7-form-control wpcf7-text\" aria-invalid=\"false\" value=\"\" type=\"text\" name=\"job\" \/><\/span> <\/label>\n<\/p>\n<p><label> CV (required)<br \/>\n<span class=\"wpcf7-form-control-wrap\" data-name=\"file-736\"><input size=\"40\" class=\"wpcf7-form-control wpcf7-file wpcf7-validates-as-required\" accept=\".doc,.docx,.pdf\" aria-required=\"true\" aria-invalid=\"false\" type=\"file\" name=\"file-736\" \/><\/span> <\/label><br \/>\nAllowed files: .doc,.docx,.pdf\n<\/p>\n<p><input class=\"wpcf7-form-control wpcf7-submit has-spinner\" type=\"submit\" value=\"Send\" \/>\n<\/p><div class=\"wpcf7-response-output\" aria-hidden=\"true\"><\/div>\n<\/form>\n<\/div>\n[\/vc_column][\/vc_row][vc_row css_animation=&#8221;&#8221; row_type=&#8221;row&#8221; use_row_as_full_screen_section=&#8221;no&#8221; type=&#8221;grid&#8221; angled_section=&#8221;no&#8221; text_align=&#8221;left&#8221; background_image_as_pattern=&#8221;without_pattern&#8221; css=&#8221;.vc_custom_1478016476526{padding-top: 73px !important;padding-bottom: 45px !important;}&#8221;][vc_column offset=&#8221;vc_col-lg-4 vc_col-md-4&#8243;][vc_single_image image=&#8221;341&#8243; img_size=&#8221;full&#8221; qode_css_animation=&#8221;&#8221;][vc_empty_space][vc_column_text]<\/p>\n<h4>Solutions<\/h4>\n<p>[\/vc_column_text][vc_empty_space height=&#8221;13px&#8221;][vc_column_text]<\/p>\n<p style=\"text-align: justify;\">At KREISS Express we focus on possibilities and alternatives. We continue to evolve and keep abreast of changes and developments.<\/p>\n<p>[\/vc_column_text][vc_empty_space height=&#8221;60px&#8221;][\/vc_column][vc_column offset=&#8221;vc_col-lg-4 vc_col-md-4&#8243;][vc_single_image image=&#8221;342&#8243; img_size=&#8221;full&#8221; qode_css_animation=&#8221;&#8221;][vc_empty_space][vc_column_text]<\/p>\n<h4>Environment<\/h4>\n<p>[\/vc_column_text][vc_empty_space height=&#8221;13px&#8221;][vc_column_text]<\/p>\n<p style=\"text-align: justify;\">KREISS Express is committed to reducing emissions, limiting waste, and providing a healthy and safe working environment.<\/p>\n<p>[\/vc_column_text][vc_empty_space height=&#8221;60px&#8221;][\/vc_column][vc_column offset=&#8221;vc_col-lg-4 vc_col-md-4&#8243;][vc_single_image image=&#8221;343&#8243; img_size=&#8221;full&#8221; qode_css_animation=&#8221;&#8221;][vc_empty_space][vc_column_text]<\/p>\n<h4>Security<\/h4>\n<p>[\/vc_column_text][vc_empty_space height=&#8221;13px&#8221;][vc_column_text]<\/p>\n<p style=\"text-align: justify;\">The security of freight is an very important subject. We provide as much guarantee as possible for the security of our clients\u2019 goods.<\/p>\n<p>[\/vc_column_text][vc_empty_space height=&#8221;60px&#8221;][\/vc_column][\/vc_row][vc_row css_animation=&#8221;&#8221; row_type=&#8221;row&#8221; use_row_as_full_screen_section=&#8221;no&#8221; type=&#8221;grid&#8221; angled_section=&#8221;no&#8221; text_align=&#8221;right&#8221; background_image_as_pattern=&#8221;without_pattern&#8221; css=&#8221;.vc_custom_1481552544777{padding-top: 37px !important;padding-bottom: 37px !important;background-color: #ffffff !important;}&#8221;][vc_column][qode_elements_holder number_of_columns=&#8221;two_columns&#8221; columns_proportion=&#8221;66_33&#8243; alignment_one_column=&#8221;center&#8221;][qode_elements_holder_item vertical_alignment=&#8221;middle&#8221; advanced_animations=&#8221;no&#8221; item_padding_600_768=&#8221;0 0 21px 0&#8243; item_padding_480_600=&#8221;0 0 21px 0&#8243; item_padding_480=&#8221;0 0 21px 0&#8243;][vc_column_text el_class=&#8221;call-to-action&#8221;]<\/p>\n<h3 style=\"text-align: left;\">Kreis Express is your global headquarters for domestic and international shipping.<\/h3>\n<p>[\/vc_column_text][\/qode_elements_holder_item][qode_elements_holder_item vertical_alignment=&#8221;middle&#8221; advanced_animations=&#8221;no&#8221;]\n\n\t<a href=\"https:\/\/kreisexpress.com\/index.php\/contact2\/\" target=\"_self\" style=\"font-size: 13px\" class=\"qode-btn qode-btn-medium qode-btn-solid qode-btn-icon qodef-btn-icon-square qode-btn-icon-rotate\"  >\n\t    <span class=\"qode-btn-text\">Contact Us<\/span><span class=\"qode-button-v2-icon-holder\" style=\"font-size: 21px\" ><span aria-hidden=\"true\" class=\"qode_icon_font_elegant arrow_carrot-right_alt2 qode-button-v2-icon-holder-inner\" ><\/span><\/span>\t<\/a>\n\n[\/qode_elements_holder_item][\/qode_elements_holder][\/vc_column][\/vc_row]<\/p>\n","protected":false},"excerpt":{"rendered":"<p>[vc_row css_animation=&#8221;&#8221; row_type=&#8221;row&#8221; use_row_as_full_screen_section=&#8221;no&#8221; type=&#8221;grid&#8221; angled_section=&#8221;no&#8221; text_align=&#8221;left&#8221; background_image_as_pattern=&#8221;without_pattern&#8221; css=&#8221;.vc_custom_1491987987672{padding-top: 97px !important;}&#8221;][vc_column][qode_content_slider auto_rotate=&#8221;5&#8243; enable_drag=&#8221;yes&#8221; direction_nav=&#8221;no&#8221; control_nav=&#8221;yes&#8221; pause_on_hover=&#8221;no&#8221;][qode_content_slider_item][vc_row_inner row_type=&#8221;row&#8221; type=&#8221;full_width&#8221; text_align=&#8221;left&#8221; css_animation=&#8221;&#8221;][vc_column_inner offset=&#8221;vc_col-lg-4 vc_col-md-4&#8243;][vc_column_text] Be Part Of The Team [\/vc_column_text][vc_empty_space height=&#8221;7px&#8221;][vc_column_text] Job Opportunities [\/vc_column_text][vc_empty_space height=&#8221;21px&#8221;][vc_column_text] KREISS Express thinks that our people come first, basis of our human&#8230;<\/p>\n","protected":false},"author":1,"featured_media":0,"parent":0,"menu_order":0,"comment_status":"closed","ping_status":"closed","template":"full_width.php","meta":{"footnotes":""},"class_list":["post-390","page","type-page","status-publish","hentry"],"_links":{"self":[{"href":"https:\/\/kreisexpress.com\/index.php\/wp-json\/wp\/v2\/pages\/390","targetHints":{"allow":["GET"]}}],"collection":[{"href":"https:\/\/kreisexpress.com\/index.php\/wp-json\/wp\/v2\/pages"}],"about":[{"href":"https:\/\/kreisexpress.com\/index.php\/wp-json\/wp\/v2\/types\/page"}],"author":[{"embeddable":true,"href":"https:\/\/kreisexpress.com\/index.php\/wp-json\/wp\/v2\/users\/1"}],"replies":[{"embeddable":true,"href":"https:\/\/kreisexpress.com\/index.php\/wp-json\/wp\/v2\/comments?post=390"}],"version-history":[{"count":34,"href":"https:\/\/kreisexpress.com\/index.php\/wp-json\/wp\/v2\/pages\/390\/revisions"}],"predecessor-version":[{"id":1464,"href":"https:\/\/kreisexpress.com\/index.php\/wp-json\/wp\/v2\/pages\/390\/revisions\/1464"}],"wp:attachment":[{"href":"https:\/\/kreisexpress.com\/index.php\/wp-json\/wp\/v2\/media?parent=390"}],"curies":[{"name":"wp","href":"https:\/\/api.w.org\/{rel}","templated":true}]}}